{"id":51,"date":"2017-05-17T20:04:10","date_gmt":"2017-05-17T20:04:10","guid":{"rendered":"https:\/\/www.mifuneneko.com\/?page_id=51"},"modified":"2023-11-13T13:11:53","modified_gmt":"2023-11-13T13:11:53","slug":"reservas","status":"publish","type":"page","link":"https:\/\/www.mifuneneko.com\/es\/reservas\/","title":{"rendered":"Reservas"},"content":{"rendered":"<p>[et_pb_section fb_built=\u00bb1&#8243; _builder_version=\u00bb4.16&#8243; background_image=\u00bbhttps:\/\/www.mifuneneko.com\/wp-content\/uploads\/2017\/05\/mifune-neko-restaurant-japones-003.jpg\u00bb transparent_background=\u00bboff\u00bb make_fullwidth=\u00bboff\u00bb use_custom_width=\u00bboff\u00bb width_unit=\u00bbon\u00bb global_colors_info=\u00bb{}\u00bb][et_pb_row custom_padding_last_edited=\u00bbon|desktop\u00bb _builder_version=\u00bb4.16&#8243; background_size=\u00bbinitial\u00bb background_position=\u00bbtop_left\u00bb background_repeat=\u00bbrepeat\u00bb custom_padding=\u00bb100px||100px|\u00bb custom_padding_tablet=\u00bb\u00bb custom_padding_phone=\u00bb50px||50px|\u00bb global_colors_info=\u00bb{}\u00bb][et_pb_column type=\u00bb4_4&#8243; _builder_version=\u00bb4.16&#8243; background_position=\u00bbtop_left\u00bb custom_padding=\u00bb|||\u00bb global_colors_info=\u00bb{}\u00bb custom_padding__hover=\u00bb|||\u00bb][et_pb_text admin_label=\u00bbFons\u00bb _builder_version=\u00bb4.16&#8243; background_size=\u00bbinitial\u00bb background_position=\u00bbtop_left\u00bb background_repeat=\u00bbrepeat\u00bb global_colors_info=\u00bb{}\u00bb][\/et_pb_text][\/et_pb_column][\/et_pb_row][\/et_pb_section][et_pb_section fb_built=\u00bb1&#8243; admin_label=\u00bbsection\u00bb _builder_version=\u00bb4.16&#8243; global_colors_info=\u00bb{}\u00bb][et_pb_row admin_label=\u00bbrow\u00bb _builder_version=\u00bb4.16&#8243; background_size=\u00bbinitial\u00bb background_position=\u00bbtop_left\u00bb background_repeat=\u00bbrepeat\u00bb global_colors_info=\u00bb{}\u00bb][et_pb_column type=\u00bb4_4&#8243; _builder_version=\u00bb4.16&#8243; custom_padding=\u00bb|||\u00bb global_colors_info=\u00bb{}\u00bb custom_padding__hover=\u00bb|||\u00bb][et_pb_post_title meta=\u00bboff\u00bb featured_image=\u00bboff\u00bb _builder_version=\u00bb4.16&#8243; parallax=\u00bbon\u00bb parallax_method=\u00bboff\u00bb use_border_color=\u00bboff\u00bb border_color=\u00bb#ffffff\u00bb border_style=\u00bbsolid\u00bb parallax_effect=\u00bbon\u00bb global_colors_info=\u00bb{}\u00bb][\/et_pb_post_title][et_pb_text disabled_on=\u00bboff|off|off\u00bb _builder_version=\u00bb4.18.1&#8243; hover_enabled=\u00bb0&#8243; global_colors_info=\u00bb{}\u00bb text_font_size=\u00bb28px\u00bb sticky_enabled=\u00bb0&#8243;]<\/p>\n<p style=\"text-align: center;\">Podeis hacer la reserva a:<\/p>\n<p style=\"text-align: center;\"><a href=\"https:\/\/bookings.agorapos.com\/reservas\/widget\/1324\/calendar\/f676b201ff412f20b82dde637eb6225e1a69a796\">&#x27a1;&#xfe0f; RESERVES AQUI &#x2b05;&#xfe0f;<\/a><\/p>\n<p>[\/et_pb_text][et_pb_text disabled_on=\u00bbon|on|on\u00bb _builder_version=\u00bb4.16&#8243; background_size=\u00bbinitial\u00bb background_position=\u00bbtop_left\u00bb background_repeat=\u00bbrepeat\u00bb text_orientation=\u00bbcenter\u00bb module_alignment=\u00bbcenter\u00bb border_style=\u00bbsolid\u00bb disabled=\u00bbon\u00bb global_colors_info=\u00bb{}\u00bb]<\/p>\n<p>La reserva no ser\u00e1 v\u00e1lida hasta que no reciba un correo o una llamada de confirmaci\u00f3n.<\/p>\n<script>jQuery(document).ready(function() {\n  jQuery(\"#Fecha_14_1\").datepicker({ dateFormat : \"dd-mm-yy\"\n});\n});<\/script><script>jQuery(document).ready(function(){});<\/script><script type=\"text\/javascript\"> function xyz_cfm_2_1_check(){var firstErrorId = \"\";var xyz_cfm_client_error = 0;var xyz_cfm_name_Nombre_6_1 = document.getElementById(\"Nombre_6_1\").value;\nif(xyz_cfm_name_Nombre_6_1.trim() == \"\"){\ndocument.getElementById(\"text_Nombre_6_1\").innerHTML = \"Fill text field\"\nif(firstErrorId ==  \"\"){\nfirstErrorId = \n\"Nombre_6_1\";\n}\nxyz_cfm_client_error = 1;\n}else{\ndocument.getElementById(\"text_Nombre_6_1\").innerHTML = \" \";\n}var xyz_cfm_name_Apellidos_8_1 = document.getElementById(\"Apellidos_8_1\").value;\nif(xyz_cfm_name_Apellidos_8_1.trim() == \"\"){\ndocument.getElementById(\"text_Apellidos_8_1\").innerHTML = \"Fill text field\"\nif(firstErrorId ==  \"\"){\nfirstErrorId = \n\"Apellidos_8_1\";\n}\nxyz_cfm_client_error = 1;\n}else{\ndocument.getElementById(\"text_Apellidos_8_1\").innerHTML = \" \";\n}var xyz_cfm_email_Email_7_1 = jQuery.trim(document.getElementById(\"Email_7_1\").value);\nif(xyz_cfm_email_Email_7_1.trim() == \"\"){\ndocument.getElementById(\"email_Email_7_1\").innerHTML = \"Fill email field\"\nif(firstErrorId ==  \"\"){\nfirstErrorId = \n\"Email_7_1\";\n}\nxyz_cfm_client_error = 1;\n}else{\ndocument.getElementById(\"email_Email_7_1\").innerHTML = \" \";\n}if(xyz_cfm_email_Email_7_1 != \"\"){\nvar reg = \n\/^([a-zA-Z0-9_\\.\\-\\+])+\\@(([a-zA-Z0-9\\-])+\\.)+([a-zA-Z0-9]{2,})+$\/;\nif(reg.test(xyz_cfm_email_Email_7_1) == false) {\ndocument.getElementById(\"email_Email_7_1\").innerHTML = \"Enter a valid email address\"\nif(firstErrorId ==  \"\"){\nfirstErrorId = \n\"Email_7_1\";\n}\nxyz_cfm_client_error = 1;\n}else{\ndocument.getElementById(\"email_Email_7_1\").innerHTML = \" \";\n}\n}var xyz_cfm_name_Telefono_11_1 = document.getElementById(\"Telefono_11_1\").value;\nif(xyz_cfm_name_Telefono_11_1.trim() == \"\"){\ndocument.getElementById(\"text_Telefono_11_1\").innerHTML = \"Fill text field\"\nif(firstErrorId ==  \"\"){\nfirstErrorId = \n\"Telefono_11_1\";\n}\nxyz_cfm_client_error = 1;\n}else{\ndocument.getElementById(\"text_Telefono_11_1\").innerHTML = \" \";\n}var name_Comensales_12_1 = document.getElementById(\"Comensales_12_1\").value;\nif(name_Comensales_12_1 == \"cfm_choose_select\"){\ndocument.getElementById(\"dropdown_Comensales_12_1\").innerHTML = \"Select dropdown field\"\nif(firstErrorId ==  \"\"){\nfirstErrorId = \n\"Comensales_12_1\";\n}\nxyz_cfm_client_error = 1;\n}else{\ndocument.getElementById(\"dropdown_Comensales_12_1\").innerHTML = \" \";\n}\nvar xyz_cfm_date_Fecha_14_1 = document.getElementById(\"Fecha_14_1\").value;\nif(xyz_cfm_date_Fecha_14_1.trim() == \"\"){\ndocument.getElementById(\"date_Fecha_14_1\").innerHTML = \"Fill date field\"\nif(firstErrorId ==  \"\"){\nfirstErrorId = \n\"Fecha_14_1\";\n}\nxyz_cfm_client_error = 1;\n}else{\ndocument.getElementById(\"date_Fecha_14_1\").innerHTML = \" \";\n}var name_Hora_13_1 = document.getElementById(\"Hora_13_1\").value;\nif(name_Hora_13_1 == \"cfm_choose_select\"){\ndocument.getElementById(\"dropdown_Hora_13_1\").innerHTML = \"Select dropdown field\"\nif(firstErrorId ==  \"\"){\nfirstErrorId = \n\"Hora_13_1\";\n}\nxyz_cfm_client_error = 1;\n}else{\ndocument.getElementById(\"dropdown_Hora_13_1\").innerHTML = \" \";\n}\nif(xyz_cfm_client_error == 1){\nif(firstErrorId !=  \"\"){\ndocument.getElementById(firstErrorId).focus();\n}\nreturn false;\n} return true;}<\/script><div id=\"xyz_cfm_Reservas_1_success\" style=\"background: #C8FCBB;  text-align: center; border-radius: 15px; margin-bottom: 20px;\"><\/div><form name=\"xyz_cfm_2_1\" method=\"POST\" id=\"xyz_cfm_2_1\" enctype=\"multipart\/form-data\" onSubmit=\"return xyz_cfm_2_1_check();\"><div class=\"mcf-input mcf-21\"><input placeholder=\"Nombre\" class=\"mcf-text\"  type=\"text\" id=\"Nombre_6_1\" name=\"Nombre\"  value=\"\" ><div style=\"font-weight: normal;color:red;\" id=\"text_Nombre_6_1\"><\/div>\n<\/div><div class=\"mcf-input mcf-22\"><input placeholder=\"Apellidos\" class=\"mcf-text\"  type=\"text\" id=\"Apellidos_8_1\" name=\"Apellidos\"  value=\"\" ><div style=\"font-weight: normal;color:red;\" id=\"text_Apellidos_8_1\"><\/div>\n<\/div><div class=\"mcf-input mcf-21\"><input placeholder=\"Email\" class=\"mcf-text\"  type=\"text\" id=\"Email_7_1\" name=\"Email\"  value=\"\"  ><div style=\"font-weight: normal;color:red;\" id=\"email_Email_7_1\"><\/div>\n<\/div><div class=\"mcf-input mcf-22\"><input placeholder=\"Tel\u00e9fono M\u00f3vil\" class=\"mcf-text\"  type=\"text\" id=\"Telefono_11_1\" name=\"Telefono\"  value=\"\" ><div style=\"font-weight: normal;color:red;\" id=\"text_Telefono_11_1\"><\/div>\n<\/div><div class=\"mcf-input mcf-31\">Personas<br \/><select id=\"Comensales_12_1\" name=\"Comensales\" class=\"mcf-text\" ><option value=\"cfm_choose_select\">Select<\/option><option value=\"1\">1<\/option><option value=\"2\">2<\/option><option value=\"3\">3<\/option><option value=\"4\">4<\/option><option value=\"5\">5<\/option><option value=\"6\">6<\/option><option value=\"7\">7<\/option><option value=\"8\">8<\/option><option value=\"9\">9<\/option><option value=\"10\">10<\/option><option value=\"11\">11<\/option><option value=\"12\">12<\/option><option value=\"13\">13<\/option><option value=\"14\">14<\/option><option value=\"15\">15<\/option><\/select><div style=\"font-weight: normal;color:red; \" id=\"dropdown_Comensales_12_1\"><\/div><\/div><div class=\"mcf-input mcf-32\">Fecha<br \/><input class=\"mcf-text\"  type=\"text\" id=\"Fecha_14_1\" name=\"Fecha\"  value=\"\" ><div style=\"font-weight: normal;color:red;\" id=\"date_Fecha_14_1\"><\/div><\/div><div class=\"mcf-input mcf-33\">Hora<br \/><select id=\"Hora_13_1\" name=\"Hora\" class=\"mcf-text\" ><option value=\"cfm_choose_select\">Select<\/option><option value=\"13:30\">13:30<\/option><option value=\"14:00\">14:00<\/option><option value=\"14:30\">14:30<\/option><option value=\"15:00\">15:00<\/option><option value=\"15:30\">15:30<\/option><option value=\"20:30\">20:30<\/option><option value=\"21:00\">21:00<\/option><option value=\"21:30\">21:30<\/option><option value=\"22:00\">22:00<\/option><option value=\"22:30\">22:30<\/option><\/select><div style=\"font-weight: normal;color:red; \" id=\"dropdown_Hora_13_1\"><\/div><\/div><div class=\"mcf-input mcf-1\"><textarea placeholder=\"Comentarios\" class=\"textAreaStyle  mcf-text\"  id=\"Comentarios_9_1\" name=\"Comentarios\"   rows=\"6\" cols=\"45\"><\/textarea><div style=\"font-weight: normal;color:red;\" id=\"textarea_Comentarios_9_1\"><\/div>\n<\/div><div class=\"mcf-input mcf-41\">\u00a0<\/div><div class=\"mcf-input mcf-42\">\u00a0<\/div><div class=\"mcf-input mcf-43\">\u00a0<\/div><div class=\"mcf-input mcf-44\"><input class=\"mcf-button\"  type=\"submit\" name=\"Enviar\" id=\"Enviar_10_1\" value=\"Enviar\"  ><\/div><input type =\"hidden\" name=\"xyz_cfm_frmName_1\"  value=\"Reservas\" ><\/form>\n<p>[\/et_pb_text][\/et_pb_column][\/et_pb_row][\/et_pb_section][et_pb_section fb_built=\u00bb1&#8243; module_id=\u00bbmn-pre-footer\u00bb _builder_version=\u00bb3.22.3&#8243; background_image=\u00bbhttps:\/\/www.mifuneneko.com\/wp-content\/uploads\/2017\/05\/footer-bg.png\u00bb custom_margin=\u00bb75px|||||\u00bb custom_padding=\u00bb20px||20px|\u00bb transparent_background=\u00bboff\u00bb make_fullwidth=\u00bboff\u00bb use_custom_width=\u00bboff\u00bb width_unit=\u00bbon\u00bb global_module=\u00bb309&#8243; global_colors_info=\u00bb{}\u00bb][et_pb_row _builder_version=\u00bb4.16&#8243; background_size=\u00bbinitial\u00bb background_position=\u00bbtop_left\u00bb background_repeat=\u00bbrepeat\u00bb custom_padding=\u00bb0px|0px|0px|0px\u00bb make_fullwidth=\u00bboff\u00bb use_custom_width=\u00bboff\u00bb width_unit=\u00bboff\u00bb custom_width_px=\u00bb1080px\u00bb custom_width_percent=\u00bb80%\u00bb global_colors_info=\u00bb{}\u00bb][et_pb_column type=\u00bb4_4&#8243; _builder_version=\u00bb4.16&#8243; custom_padding=\u00bb|||\u00bb global_colors_info=\u00bb{}\u00bb custom_padding__hover=\u00bb|||\u00bb][et_pb_text admin_label=\u00bbPre-footer\u00bb _builder_version=\u00bb4.16&#8243; background_size=\u00bbinitial\u00bb background_position=\u00bbtop_left\u00bb background_repeat=\u00bbrepeat\u00bb use_border_color=\u00bboff\u00bb border_style=\u00bbsolid\u00bb global_colors_info=\u00bb{}\u00bb][\/et_pb_text][\/et_pb_column][\/et_pb_row][\/et_pb_section]<\/p>\n","protected":false},"excerpt":{"rendered":"<p>Podeis hacer la reserva a: &#x27a1;&#xfe0f; RESERVES AQUI &#x2b05;&#xfe0f;La reserva no ser\u00e1 v\u00e1lida hasta que no reciba un correo o una llamada de confirmaci\u00f3n. <script>jQuery(document).ready(function() {\n  jQuery(\"#Fecha_14_2\").datepicker({ dateFormat : \"dd-mm-yy\"\n});\n});<\/script><script>jQuery(document).ready(function(){});<\/script><script type=\"text\/javascript\"> function xyz_cfm_2_2_check(){var firstErrorId = \"\";var xyz_cfm_client_error = 0;var xyz_cfm_name_Nombre_6_2 = document.getElementById(\"Nombre_6_2\").value;\nif(xyz_cfm_name_Nombre_6_2.trim() == \"\"){\ndocument.getElementById(\"text_Nombre_6_2\").innerHTML = \"Fill text field\"\nif(firstErrorId ==  \"\"){\nfirstErrorId = \n\"Nombre_6_2\";\n}\nxyz_cfm_client_error = 1;\n}else{\ndocument.getElementById(\"text_Nombre_6_2\").innerHTML = \" \";\n}var xyz_cfm_name_Apellidos_8_2 = document.getElementById(\"Apellidos_8_2\").value;\nif(xyz_cfm_name_Apellidos_8_2.trim() == \"\"){\ndocument.getElementById(\"text_Apellidos_8_2\").innerHTML = \"Fill text field\"\nif(firstErrorId ==  \"\"){\nfirstErrorId = \n\"Apellidos_8_2\";\n}\nxyz_cfm_client_error = 1;\n}else{\ndocument.getElementById(\"text_Apellidos_8_2\").innerHTML = \" \";\n}var xyz_cfm_email_Email_7_2 = jQuery.trim(document.getElementById(\"Email_7_2\").value);\nif(xyz_cfm_email_Email_7_2.trim() == \"\"){\ndocument.getElementById(\"email_Email_7_2\").innerHTML = \"Fill email field\"\nif(firstErrorId ==  \"\"){\nfirstErrorId = \n\"Email_7_2\";\n}\nxyz_cfm_client_error = 1;\n}else{\ndocument.getElementById(\"email_Email_7_2\").innerHTML = \" \";\n}if(xyz_cfm_email_Email_7_2 != \"\"){\nvar reg = \n\/^([a-zA-Z0-9_\\.\\-\\+])+\\@(([a-zA-Z0-9\\-])+\\.)+([a-zA-Z0-9]{2,})+$\/;\nif(reg.test(xyz_cfm_email_Email_7_2) == false) {\ndocument.getElementById(\"email_Email_7_2\").innerHTML = \"Enter a valid email address\"\nif(firstErrorId ==  \"\"){\nfirstErrorId = \n\"Email_7_2\";\n}\nxyz_cfm_client_error = 1;\n}else{\ndocument.getElementById(\"email_Email_7_2\").innerHTML = \" \";\n}\n}var xyz_cfm_name_Telefono_11_2 = document.getElementById(\"Telefono_11_2\").value;\nif(xyz_cfm_name_Telefono_11_2.trim() == \"\"){\ndocument.getElementById(\"text_Telefono_11_2\").innerHTML = \"Fill text field\"\nif(firstErrorId ==  \"\"){\nfirstErrorId = \n\"Telefono_11_2\";\n}\nxyz_cfm_client_error = 1;\n}else{\ndocument.getElementById(\"text_Telefono_11_2\").innerHTML = \" \";\n}var name_Comensales_12_2 = document.getElementById(\"Comensales_12_2\").value;\nif(name_Comensales_12_2 == \"cfm_choose_select\"){\ndocument.getElementById(\"dropdown_Comensales_12_2\").innerHTML = \"Select dropdown field\"\nif(firstErrorId ==  \"\"){\nfirstErrorId = \n\"Comensales_12_2\";\n}\nxyz_cfm_client_error = 1;\n}else{\ndocument.getElementById(\"dropdown_Comensales_12_2\").innerHTML = \" \";\n}\nvar xyz_cfm_date_Fecha_14_2 = document.getElementById(\"Fecha_14_2\").value;\nif(xyz_cfm_date_Fecha_14_2.trim() == \"\"){\ndocument.getElementById(\"date_Fecha_14_2\").innerHTML = \"Fill date field\"\nif(firstErrorId ==  \"\"){\nfirstErrorId = \n\"Fecha_14_2\";\n}\nxyz_cfm_client_error = 1;\n}else{\ndocument.getElementById(\"date_Fecha_14_2\").innerHTML = \" \";\n}var name_Hora_13_2 = document.getElementById(\"Hora_13_2\").value;\nif(name_Hora_13_2 == \"cfm_choose_select\"){\ndocument.getElementById(\"dropdown_Hora_13_2\").innerHTML = \"Select dropdown field\"\nif(firstErrorId ==  \"\"){\nfirstErrorId = \n\"Hora_13_2\";\n}\nxyz_cfm_client_error = 1;\n}else{\ndocument.getElementById(\"dropdown_Hora_13_2\").innerHTML = \" \";\n}\nif(xyz_cfm_client_error == 1){\nif(firstErrorId !=  \"\"){\ndocument.getElementById(firstErrorId).focus();\n}\nreturn false;\n} return true;}<\/script><div id=\"xyz_cfm_Reservas_2_success\" style=\"background: #C8FCBB;  text-align: center; border-radius: 15px; margin-bottom: 20px;\"><\/div><form name=\"xyz_cfm_2_2\" method=\"POST\" id=\"xyz_cfm_2_2\" enctype=\"multipart\/form-data\" onSubmit=\"return xyz_cfm_2_2_check();\"><div class=\"mcf-input mcf-21\"><input placeholder=\"Nombre\" class=\"mcf-text\"  type=\"text\" id=\"Nombre_6_2\" name=\"Nombre\"  value=\"\" ><div style=\"font-weight: normal;color:red;\" id=\"text_Nombre_6_2\"><\/div>\n<\/div><div class=\"mcf-input mcf-22\"><input placeholder=\"Apellidos\" class=\"mcf-text\"  type=\"text\" id=\"Apellidos_8_2\" name=\"Apellidos\"  value=\"\" ><div style=\"font-weight: normal;color:red;\" id=\"text_Apellidos_8_2\"><\/div>\n<\/div><div class=\"mcf-input mcf-21\"><input placeholder=\"Email\" class=\"mcf-text\"  type=\"text\" id=\"Email_7_2\" name=\"Email\"  value=\"\"  ><div style=\"font-weight: normal;color:red;\" id=\"email_Email_7_2\"><\/div>\n<\/div><div class=\"mcf-input mcf-22\"><input placeholder=\"Tel\u00e9fono M\u00f3vil\" class=\"mcf-text\"  type=\"text\" id=\"Telefono_11_2\" name=\"Telefono\"  value=\"\" ><div style=\"font-weight: normal;color:red;\" id=\"text_Telefono_11_2\"><\/div>\n<\/div><div class=\"mcf-input mcf-31\">Personas<br \/><select id=\"Comensales_12_2\" name=\"Comensales\" class=\"mcf-text\" ><option value=\"cfm_choose_select\">Select<\/option><option value=\"1\">1<\/option><option value=\"2\">2<\/option><option value=\"3\">3<\/option><option value=\"4\">4<\/option><option value=\"5\">5<\/option><option value=\"6\">6<\/option><option value=\"7\">7<\/option><option value=\"8\">8<\/option><option value=\"9\">9<\/option><option value=\"10\">10<\/option><option value=\"11\">11<\/option><option value=\"12\">12<\/option><option value=\"13\">13<\/option><option value=\"14\">14<\/option><option value=\"15\">15<\/option><\/select><div style=\"font-weight: normal;color:red; \" id=\"dropdown_Comensales_12_2\"><\/div><\/div><div class=\"mcf-input mcf-32\">Fecha<br \/><input class=\"mcf-text\"  type=\"text\" id=\"Fecha_14_2\" name=\"Fecha\"  value=\"\" ><div style=\"font-weight: normal;color:red;\" id=\"date_Fecha_14_2\"><\/div><\/div><div class=\"mcf-input mcf-33\">Hora<br \/><select id=\"Hora_13_2\" name=\"Hora\" class=\"mcf-text\" ><option value=\"cfm_choose_select\">Select<\/option><option value=\"13:30\">13:30<\/option><option value=\"14:00\">14:00<\/option><option value=\"14:30\">14:30<\/option><option value=\"15:00\">15:00<\/option><option value=\"15:30\">15:30<\/option><option value=\"20:30\">20:30<\/option><option value=\"21:00\">21:00<\/option><option value=\"21:30\">21:30<\/option><option value=\"22:00\">22:00<\/option><option value=\"22:30\">22:30<\/option><\/select><div style=\"font-weight: normal;color:red; \" id=\"dropdown_Hora_13_2\"><\/div><\/div><div class=\"mcf-input mcf-1\"><textarea placeholder=\"Comentarios\" class=\"textAreaStyle  mcf-text\"  id=\"Comentarios_9_2\" name=\"Comentarios\"   rows=\"6\" cols=\"45\"><\/textarea><div style=\"font-weight: normal;color:red;\" id=\"textarea_Comentarios_9_2\"><\/div>\n<\/div><div class=\"mcf-input mcf-41\">\u00a0<\/div><div class=\"mcf-input mcf-42\">\u00a0<\/div><div class=\"mcf-input mcf-43\">\u00a0<\/div><div class=\"mcf-input mcf-44\"><input class=\"mcf-button\"  type=\"submit\" name=\"Enviar\" id=\"Enviar_10_2\" value=\"Enviar\"  ><\/div><input type =\"hidden\" name=\"xyz_cfm_frmName_2\"  value=\"Reservas\" ><\/form><\/p>\n","protected":false},"author":1,"featured_media":0,"parent":0,"menu_order":0,"comment_status":"closed","ping_status":"closed","template":"","meta":{"_et_pb_use_builder":"on","_et_pb_old_content":"","_et_gb_content_width":"","footnotes":""},"class_list":["post-51","page","type-page","status-publish","hentry"],"_links":{"self":[{"href":"https:\/\/www.mifuneneko.com\/es\/wp-json\/wp\/v2\/pages\/51","targetHints":{"allow":["GET"]}}],"collection":[{"href":"https:\/\/www.mifuneneko.com\/es\/wp-json\/wp\/v2\/pages"}],"about":[{"href":"https:\/\/www.mifuneneko.com\/es\/wp-json\/wp\/v2\/types\/page"}],"author":[{"embeddable":true,"href":"https:\/\/www.mifuneneko.com\/es\/wp-json\/wp\/v2\/users\/1"}],"replies":[{"embeddable":true,"href":"https:\/\/www.mifuneneko.com\/es\/wp-json\/wp\/v2\/comments?post=51"}],"version-history":[{"count":32,"href":"https:\/\/www.mifuneneko.com\/es\/wp-json\/wp\/v2\/pages\/51\/revisions"}],"predecessor-version":[{"id":1353,"href":"https:\/\/www.mifuneneko.com\/es\/wp-json\/wp\/v2\/pages\/51\/revisions\/1353"}],"wp:attachment":[{"href":"https:\/\/www.mifuneneko.com\/es\/wp-json\/wp\/v2\/media?parent=51"}],"curies":[{"name":"wp","href":"https:\/\/api.w.org\/{rel}","templated":true}]}}