{"id":43,"date":"2017-05-17T20:01:32","date_gmt":"2017-05-17T20:01:32","guid":{"rendered":"https:\/\/www.mifuneneko.com\/?page_id=43"},"modified":"2020-05-17T10:46:58","modified_gmt":"2020-05-17T10:46:58","slug":"historia","status":"publish","type":"page","link":"https:\/\/www.mifuneneko.com\/es\/historia\/","title":{"rendered":"Historia"},"content":{"rendered":"<p>[et_pb_section fb_built=\u00bb1&#8243; disabled_on=\u00bbon|on|on\u00bb admin_label=\u00bbsection\u00bb _builder_version=\u00bb3.22.3&#8243; background_image=\u00bbhttps:\/\/www.mifuneneko.com\/wp-content\/uploads\/2017\/05\/mifune-neko-restaurant-japones-021-1.jpg\u00bb][et_pb_row admin_label=\u00bbrow\u00bb _builder_version=\u00bb3.25&#8243; background_size=\u00bbinitial\u00bb background_position=\u00bbtop_left\u00bb background_repeat=\u00bbrepeat\u00bb][et_pb_column type=\u00bb4_4&#8243; _builder_version=\u00bb3.25&#8243; custom_padding=\u00bb|||\u00bb custom_padding__hover=\u00bb|||\u00bb][et_pb_text admin_label=\u00bbTexto\u00bb _builder_version=\u00bb3.0.87&#8243; background_size=\u00bbinitial\u00bb background_position=\u00bbtop_left\u00bb background_repeat=\u00bbrepeat\u00bb use_border_color=\u00bboff\u00bb border_style=\u00bbsolid\u00bb][\/et_pb_text][\/et_pb_column][\/et_pb_row][\/et_pb_section][et_pb_section fb_built=\u00bb1&#8243; disabled_on=\u00bbon|on|\u00bb admin_label=\u00bbSecci\u00f3n\u00bb _builder_version=\u00bb3.22.3&#8243; background_image=\u00bbhttps:\/\/www.mifuneneko.com\/wp-content\/uploads\/2017\/06\/bg-mifune-nejo.jpg\u00bb custom_padding=\u00bb54px|0px|51px|0px\u00bb custom_css_main_element=\u00bbbackground-size: cover;||background position: left bottom;\u00bb transparent_background=\u00bboff\u00bb][et_pb_row use_custom_gutter=\u00bbon\u00bb gutter_width=\u00bb1&#8243; custom_padding=\u00bb0px|0px|0|0px\u00bb admin_label=\u00bbFila\u00bb _builder_version=\u00bb3.25&#8243; background_size=\u00bbinitial\u00bb background_position=\u00bbtop_left\u00bb background_repeat=\u00bbrepeat\u00bb column_structure=\u00bb1_2,1_2&#8243;][et_pb_column type=\u00bb1_2&#8243; _builder_version=\u00bb3.25&#8243; background_color=\u00bbrgba(255,255,255,0.76)\u00bb custom_padding=\u00bb25px|25px|25px|25px\u00bb custom_padding__hover=\u00bb|||\u00bb][et_pb_text admin_label=\u00bbTexto\u00bb _builder_version=\u00bb3.0.87&#8243; background_size=\u00bbinitial\u00bb background_position=\u00bbtop_left\u00bb background_repeat=\u00bbrepeat\u00bb border_style=\u00bbsolid\u00bb]<\/p>\n<h1>HISTORIA<\/h1>\n<p>&nbsp;<\/p>\n<p>La historia de Mifune Neko es la historia de un viaje inspirador por el continente asi\u00e1tico. Mar\u00eda y Ferran, creadores del concepto Mifune Neko, descubrieron en Jap\u00f3n otra manera de comer, m\u00e1s consciente y respetuosa con el entorno, y una filosof\u00eda que los ilumin\u00f3 y que est\u00e1 presente en todos y cada uno de los platos que se elaboran en la cocina de su restaurante.<\/p>\n<p>De Asia se trajeron mucho m\u00e1s que recetas: una manera de hacer saludable, sostenible y \u00e9tica.<\/p>\n<p>As\u00ed, el exquisito sabor japon\u00e9s asocia el restaurante Mifune Neko con un compromiso hacia la cocina sana y natural, elaborada a partir de productos ecol\u00f3gicos y de proximidad y con un firme compromiso con el sostenimiento del entorno.<\/p>\n<p>Estos principios que los inspiraron son compartidos por el equipo del restaurante, un equipo estable y comprometido, profundamente conocedor de la cocina japonesa y del talante propio de Mifune Neko. Si desea hacer un viaje gastron\u00f3mico \u00fanico, d\u00e9jese aconsejar.<\/p>\n<p>[\/et_pb_text][et_pb_divider show_divider=\u00bboff\u00bb disabled_on=\u00bbon|on|off\u00bb admin_label=\u00bbSeparador\u00bb _builder_version=\u00bb3.2&#8243; height=\u00bb0px\u00bb hide_on_mobile=\u00bbon\u00bb][\/et_pb_divider][\/et_pb_column][et_pb_column type=\u00bb1_2&#8243; _builder_version=\u00bb3.25&#8243; custom_padding=\u00bb|||\u00bb custom_padding__hover=\u00bb|||\u00bb][\/et_pb_column][\/et_pb_row][\/et_pb_section][et_pb_section fb_built=\u00bb1&#8243; disabled_on=\u00bboff|off|on\u00bb admin_label=\u00bbSecci\u00f3n\u00bb _builder_version=\u00bb3.22.3&#8243; custom_css_main_element=\u00bbbackground-size: cover;||background position: center bottom;\u00bb transparent_background=\u00bboff\u00bb][et_pb_row admin_label=\u00bbFila\u00bb _builder_version=\u00bb3.25&#8243; background_size=\u00bbinitial\u00bb background_position=\u00bbtop_left\u00bb background_repeat=\u00bbrepeat\u00bb column_structure=\u00bb1_2,1_2&#8243;][et_pb_column type=\u00bb1_2&#8243; _builder_version=\u00bb3.25&#8243; custom_padding=\u00bb|||\u00bb custom_padding__hover=\u00bb|||\u00bb][et_pb_text admin_label=\u00bbTexto\u00bb _builder_version=\u00bb3.0.87&#8243; background_size=\u00bbinitial\u00bb background_position=\u00bbtop_left\u00bb background_repeat=\u00bbrepeat\u00bb use_border_color=\u00bboff\u00bb border_style=\u00bbsolid\u00bb]<\/p>\n<h1>HISTORIA<\/h1>\n<p>&nbsp;<\/p>\n<p>La historia de Mifune Neko es la historia de un viaje inspirador por el continente asi\u00e1tico. Maria y Ferran, creadores del concepto Mifune Neko, descubrieron en Jap\u00f3n otra manera de comer, m\u00e1s consciente y respetuosa con el entorno, y una filosof\u00eda que los ilumin\u00f3 y que est\u00e1 presente en todos y cada uno de los platos que se elaboran en la cocina de su restaurante.<\/p>\n<p>De Asia se trajeron mucho m\u00e1s que recetas: una manera de hacer saludable, sostenible y \u00e9tica.<\/p>\n<p>As\u00ed, el exquisito sabor japon\u00e9s asocia el restaurante Mifune Neko con un compromiso hacia la cocina sana y natural, elaborada a partir de productos ecol\u00f3gicos y de proximidad y con un firme compromiso con el sostenimiento del entorno.<\/p>\n<p>Estos principios que inspiraron a Maria y Ferran son compartidos por el equipo del restaurante, un equipo estable y comprometido, profundamente conocedor de la cocina japonesa y del talante propio de Mifune Neko. Si desea hacer un viaje gastron\u00f3mico \u00fanico, d\u00e9jese aconsejar.<\/p>\n<p>[\/et_pb_text][et_pb_divider show_divider=\u00bboff\u00bb disabled_on=\u00bbon|on|off\u00bb admin_label=\u00bbSeparador\u00bb _builder_version=\u00bb3.23.4&#8243; height=\u00bb300px\u00bb hide_on_mobile=\u00bbon\u00bb][\/et_pb_divider][\/et_pb_column][et_pb_column type=\u00bb1_2&#8243; _builder_version=\u00bb3.25&#8243; custom_padding=\u00bb|||\u00bb custom_padding__hover=\u00bb|||\u00bb][\/et_pb_column][\/et_pb_row][\/et_pb_section][et_pb_section fb_built=\u00bb1&#8243; disabled_on=\u00bb||on\u00bb admin_label=\u00bbSecci\u00f3n\u00bb module_id=\u00bbmn-pre-footer\u00bb _builder_version=\u00bb3.22.3&#8243; background_image=\u00bbhttps:\/\/www.mifuneneko.com\/wp-content\/uploads\/2017\/05\/footer-bg.png\u00bb custom_padding=\u00bb20px||20px|\u00bb transparent_background=\u00bboff\u00bb][et_pb_row custom_padding=\u00bb0px|0px|0px|0px\u00bb admin_label=\u00bbFila\u00bb _builder_version=\u00bb3.25&#8243; background_size=\u00bbinitial\u00bb background_position=\u00bbtop_left\u00bb background_repeat=\u00bbrepeat\u00bb][et_pb_column type=\u00bb4_4&#8243; _builder_version=\u00bb3.25&#8243; custom_padding=\u00bb|||\u00bb custom_padding__hover=\u00bb|||\u00bb][et_pb_text admin_label=\u00bbPre-footer\u00bb _builder_version=\u00bb3.0.87&#8243; background_size=\u00bbinitial\u00bb background_position=\u00bbtop_left\u00bb background_repeat=\u00bbrepeat\u00bb use_border_color=\u00bboff\u00bb border_style=\u00bbsolid\u00bb][\/et_pb_text][\/et_pb_column][\/et_pb_row][\/et_pb_section]<\/p>\n","protected":false},"excerpt":{"rendered":"<p>HISTORIA &nbsp; La historia de Mifune Neko es la historia de un viaje inspirador por el continente asi\u00e1tico. Mar\u00eda y Ferran, creadores del concepto Mifune Neko, descubrieron en Jap\u00f3n otra manera de comer, m\u00e1s consciente y respetuosa con el entorno, y una filosof\u00eda que los ilumin\u00f3 y que est\u00e1 presente en todos y cada uno [&hellip;]<\/p>\n","protected":false},"author":1,"featured_media":0,"parent":0,"menu_order":0,"comment_status":"closed","ping_status":"closed","template":"","meta":{"_et_pb_use_builder":"on","_et_pb_old_content":"","_et_gb_content_width":"","footnotes":""},"class_list":["post-43","page","type-page","status-publish","hentry"],"_links":{"self":[{"href":"https:\/\/www.mifuneneko.com\/es\/wp-json\/wp\/v2\/pages\/43","targetHints":{"allow":["GET"]}}],"collection":[{"href":"https:\/\/www.mifuneneko.com\/es\/wp-json\/wp\/v2\/pages"}],"about":[{"href":"https:\/\/www.mifuneneko.com\/es\/wp-json\/wp\/v2\/types\/page"}],"author":[{"embeddable":true,"href":"https:\/\/www.mifuneneko.com\/es\/wp-json\/wp\/v2\/users\/1"}],"replies":[{"embeddable":true,"href":"https:\/\/www.mifuneneko.com\/es\/wp-json\/wp\/v2\/comments?post=43"}],"version-history":[{"count":23,"href":"https:\/\/www.mifuneneko.com\/es\/wp-json\/wp\/v2\/pages\/43\/revisions"}],"predecessor-version":[{"id":1018,"href":"https:\/\/www.mifuneneko.com\/es\/wp-json\/wp\/v2\/pages\/43\/revisions\/1018"}],"wp:attachment":[{"href":"https:\/\/www.mifuneneko.com\/es\/wp-json\/wp\/v2\/media?parent=43"}],"curies":[{"name":"wp","href":"https:\/\/api.w.org\/{rel}","templated":true}]}}